{"id":2958,"date":"2022-02-04T12:17:07","date_gmt":"2022-02-04T09:17:07","guid":{"rendered":"https:\/\/maksimumgumruk.com.tr\/ana-sayfa\/"},"modified":"2026-01-21T17:14:35","modified_gmt":"2026-01-21T14:14:35","slug":"ana-sayfa","status":"publish","type":"page","link":"https:\/\/maksimumgumruk.com.tr\/en\/","title":{"rendered":"Home"},"content":{"rendered":"\t\t<div data-elementor-type=\"wp-page\" data-elementor-id=\"2958\" class=\"elementor elementor-2958\" data-elementor-post-type=\"page\">\n\t\t\t\t\t\t<section class=\"elementor-section elementor-top-section elementor-element elementor-element-fe3be11 elementor-section-boxed elementor-section-height-default elementor-section-height-default\" data-id=\"fe3be11\" data-element_type=\"section\">\n\t\t\t\t\t\t<div class=\"elementor-container elementor-column-gap-default\">\n\t\t\t\t\t<div class=\"elementor-column elementor-col-100 elementor-top-column elementor-element elementor-element-3136b65\" data-id=\"3136b65\" data-element_type=\"column\">\n\t\t\t<div class=\"elementor-widget-wrap elementor-element-populated\">\n\t\t\t\t\t\t<div class=\"elementor-element elementor-element-e7f04a9 elementor-widget elementor-widget-slider_revolution\" data-id=\"e7f04a9\" data-element_type=\"widget\" data-widget_type=\"slider_revolution.default\">\n\t\t\t\t<div class=\"elementor-widget-container\">\n\t\t\t\t\t\n\t\t<div class=\"wp-block-themepunch-revslider\">\n\t\t\t<!-- START Home 1 1 REVOLUTION SLIDER 6.7.38 --><p class=\"rs-p-wp-fix\"><\/p>\n\t\t\t<rs-module-wrap id=\"rev_slider_4_1_wrapper\" data-source=\"gallery\" style=\"visibility:hidden;background:transparent;padding:0;\">\n\t\t\t\t<rs-module id=\"rev_slider_4_1\" style=\"\" data-version=\"6.7.38\">\n\t\t\t\t\t<rs-slides style=\"overflow: hidden; position: absolute;\">\n\t\t\t\t\t\t<rs-slide style=\"position: absolute;\" data-key=\"rs-12\" data-title=\"Slide\" data-thumb=\"\/\/maksimumgumruk.com.tr\/wp-content\/uploads\/2022\/03\/maksimum_20-50x100.jpeg\" data-in=\"x:100%;y:0%;e:none;\" data-out=\"a:false;\" data-alttrans=\"notransition\" data-p1=\"1\/2\">\n\t\t\t\t\t\t\t<img fetchpriority=\"high\" decoding=\"async\" src=\"\/\/maksimumgumruk.com.tr\/wp-content\/plugins\/revslider\/sr6\/assets\/assets\/dummy.png\" alt=\"\" title=\"maksimum_20.jpeg\" width=\"1920\" height=\"1012\" class=\"rev-slidebg tp-rs-img rs-lazyload\" data-lazyload=\"\/\/maksimumgumruk.com.tr\/wp-content\/uploads\/2022\/03\/maksimum_20.jpeg\" data-no-retina>\n\t\t\t\t\t\t\t<rs-bgvideo \n\t\t\t\t\t\t\t\tdata-video=\"w:100%;h:100%;rwd:false;l:false;ptimer:true;vfc:true;do:1;doca:rgba(0, 0, 0, 0.12);docb:rgba(0, 0, 0, 0.51);dos:0.5;\"\n\t\t\t\t\t\t\t\tdata-mp4=\"\/\/maksimumgumruk.com.tr\/wp-content\/uploads\/2022\/03\/maksimum.mp4\"\n\t\t\t\t\t\t\t><\/rs-bgvideo>\n<!--\n\t\t\t\t\t\t\t--><rs-layer\n\t\t\t\t\t\t\t\tid=\"slider-4-slide-12-layer-1\" \n\t\t\t\t\t\t\t\tdata-type=\"text\"\n\t\t\t\t\t\t\t\tdata-color=\"#fff\"\n\t\t\t\t\t\t\t\tdata-rsp_ch=\"on\"\n\t\t\t\t\t\t\t\tdata-xy=\"x:c;y:m;\"\n\t\t\t\t\t\t\t\tdata-text=\"w:normal;s:30,30,30,7;l:36,36,36,8;fw:500;\"\n\t\t\t\t\t\t\t\tdata-dim=\"minh:0px,0px,0px,none;\"\n\t\t\t\t\t\t\t\tdata-frame_1=\"e:power4.inOut;sp:3000;\"\n\t\t\t\t\t\t\t\tdata-frame_999=\"o:0;st:5620;sp:1000;sR:2620;\"\n\t\t\t\t\t\t\t\tstyle=\"z-index:10;font-family:'Roboto';\"\n\t\t\t\t\t\t\t>\"The only irreplaceable capital an organization possesses is the knowledge and ability of its people.\" \n\t\t\t\t\t\t\t<\/rs-layer><!--\n\n\t\t\t\t\t\t\t--><rs-layer\n\t\t\t\t\t\t\t\tid=\"slider-4-slide-12-layer-2\" \n\t\t\t\t\t\t\t\tdata-type=\"text\"\n\t\t\t\t\t\t\t\tdata-color=\"#fff\"\n\t\t\t\t\t\t\t\tdata-rsp_ch=\"on\"\n\t\t\t\t\t\t\t\tdata-xy=\"x:c;y:m;yo:36px,36px,36px,8px;\"\n\t\t\t\t\t\t\t\tdata-text=\"w:normal;s:30,30,30,7;l:36,36,36,8;fw:500;\"\n\t\t\t\t\t\t\t\tdata-dim=\"minh:0px,0px,0px,none;\"\n\t\t\t\t\t\t\t\tdata-frame_1=\"e:power4.inOut;sp:3000;\"\n\t\t\t\t\t\t\t\tdata-frame_999=\"o:0;st:5620;sp:1000;sR:2620;\"\n\t\t\t\t\t\t\t\tstyle=\"z-index:8;font-family:'Roboto';\"\n\t\t\t\t\t\t\t>Andrew Carnegie<br \/>\n \n\t\t\t\t\t\t\t<\/rs-layer><!--\n-->\t\t\t\t\t<\/rs-slide>\n\t\t\t\t\t\t<rs-slide style=\"position: absolute;\" data-key=\"rs-13\" data-title=\"Slide\" data-thumb=\"\/\/maksimumgumruk.com.tr\/wp-content\/uploads\/2022\/11\/slayt-2-50x100.jpg\" data-in=\"o:1;x:(100%);\" data-out=\"a:false;\" data-p1=\"1\/2\">\n\t\t\t\t\t\t\t<img decoding=\"async\" src=\"\/\/maksimumgumruk.com.tr\/wp-content\/plugins\/revslider\/sr6\/assets\/assets\/dummy.png\" alt=\"\" title=\"slayt-2\" width=\"1920\" height=\"804\" class=\"rev-slidebg tp-rs-img rs-lazyload\" data-lazyload=\"\/\/maksimumgumruk.com.tr\/wp-content\/uploads\/2022\/11\/slayt-2.jpg\" data-no-retina>\n<!--\n\t\t\t\t\t\t\t--><rs-layer\n\t\t\t\t\t\t\t\tid=\"slider-4-slide-13-layer-0\" \n\t\t\t\t\t\t\t\tdata-type=\"text\"\n\t\t\t\t\t\t\t\tdata-color=\"#fff\"\n\t\t\t\t\t\t\t\tdata-tsh=\"c:#000000;b:5px,5px,5px,0px;\"\n\t\t\t\t\t\t\t\tdata-rsp_ch=\"on\"\n\t\t\t\t\t\t\t\tdata-xy=\"x:c;xo:119px,119px,119px,28px;y:m;yo:-13px,-13px,-13px,-2px;\"\n\t\t\t\t\t\t\t\tdata-text=\"w:normal;l:36,36,36,8;fw:500;\"\n\t\t\t\t\t\t\t\tdata-dim=\"minh:0px,0px,0px,none;\"\n\t\t\t\t\t\t\t\tdata-actions='o:click;a:simplelink;target:_self;url:https:\/\/maksimumgumruk.com.tr\/wp-content\/uploads\/2023\/02\/tescil-belgesi.jpg;'\n\t\t\t\t\t\t\t\tdata-frame_1=\"e:power4.inOut;st:500;sp:2000;sR:500;\"\n\t\t\t\t\t\t\t\tdata-frame_999=\"o:0;st:7520;sp:2500;sR:5020;\"\n\t\t\t\t\t\t\t\tstyle=\"z-index:9;font-family:'Roboto';\"\n\t\t\t\t\t\t\t>\u00ae \n\t\t\t\t\t\t\t<\/rs-layer><!--\n\n\t\t\t\t\t\t\t--><a\n\t\t\t\t\t\t\t\tid=\"slider-4-slide-13-layer-3\" \n\t\t\t\t\t\t\t\tclass=\"rs-layer\"\n\t\t\t\t\t\t\t\thref=\"https:\/\/maksimumgumruk.com.tr\/wp-content\/uploads\/2023\/02\/tescil-belgesi.jpg\" target=\"_blank\" rel=\"noopener\"\n\t\t\t\t\t\t\t\tdata-type=\"text\"\n\t\t\t\t\t\t\t\tdata-color=\"#fff\"\n\t\t\t\t\t\t\t\tdata-tsh=\"c:#000000;b:5px,5px,5px,0px;\"\n\t\t\t\t\t\t\t\tdata-rsp_ch=\"on\"\n\t\t\t\t\t\t\t\tdata-xy=\"x:c;y:m;\"\n\t\t\t\t\t\t\t\tdata-text=\"w:normal;s:30,30,30,7;l:36,36,36,8;fw:500;\"\n\t\t\t\t\t\t\t\tdata-dim=\"minh:0px,0px,0px,none;\"\n\t\t\t\t\t\t\t\tdata-frame_1=\"e:power4.inOut;st:500;sp:2000;sR:500;\"\n\t\t\t\t\t\t\t\tdata-frame_999=\"o:0;st:7510;sp:2500;sR:5010;\"\n\t\t\t\t\t\t\t\tstyle=\"z-index:8;font-family:'Roboto';\"\n\t\t\t\t\t\t\t>Bilginin Lojisti\u011fi \n\t\t\t\t\t\t\t<\/a><!--\n\n\t\t\t\t\t\t\t--><rs-layer\n\t\t\t\t\t\t\t\tid=\"slider-4-slide-13-layer-5\" \n\t\t\t\t\t\t\t\tdata-type=\"image\"\n\t\t\t\t\t\t\t\tdata-rsp_ch=\"on\"\n\t\t\t\t\t\t\t\tdata-xy=\"x:c;xo:5px,5px,5px,0;y:m;yo:-40px,-40px,-40px,-9px;\"\n\t\t\t\t\t\t\t\tdata-text=\"w:normal;s:30,30,30,7;l:36,36,36,8;fw:500;\"\n\t\t\t\t\t\t\t\tdata-dim=\"w:318px,318px,318px,78px;h:27px,27px,27px,6px;\"\n\t\t\t\t\t\t\t\tdata-frame_1=\"e:power4.inOut;st:490;sp:2000;sR:490;\"\n\t\t\t\t\t\t\t\tdata-frame_999=\"o:0;st:7530;sp:2500;sR:5040;\"\n\t\t\t\t\t\t\t\tstyle=\"z-index:10;\"\n\t\t\t\t\t\t\t><img decoding=\"async\" src=\"\/\/maksimumgumruk.com.tr\/wp-content\/plugins\/revslider\/sr6\/assets\/assets\/dummy.png\" alt=\"\" class=\"tp-rs-img rs-lazyload\" width=\"377\" height=\"32\" data-lazyload=\"\/\/maksimumgumruk.com.tr\/wp-content\/uploads\/2023\/02\/maksimum-sade-logo1.png\" data-no-retina> \n\t\t\t\t\t\t\t<\/rs-layer><!--\n\n\t\t\t\t\t\t\t--><rs-layer\n\t\t\t\t\t\t\t\tid=\"slider-4-slide-13-layer-6\" \n\t\t\t\t\t\t\t\tdata-type=\"shape\"\n\t\t\t\t\t\t\t\tdata-rsp_ch=\"on\"\n\t\t\t\t\t\t\t\tdata-text=\"w:normal;\"\n\t\t\t\t\t\t\t\tdata-dim=\"w:200%;h:387px,387px,387px,96px;\"\n\t\t\t\t\t\t\t\tdata-margin=\"l:-500,-500,-500,-125;\"\n\t\t\t\t\t\t\t\tdata-frame_999=\"o:0;st:w;\"\n\t\t\t\t\t\t\t\tstyle=\"z-index:7;background:linear-gradient(rgba(2,2,2,0.5) 0%, rgba(255,255,255,0) 100%);\"\n\t\t\t\t\t\t\t> \n\t\t\t\t\t\t\t<\/rs-layer><!--\n-->\t\t\t\t\t<\/rs-slide>\n\t\t\t\t\t<\/rs-slides>\n\t\t\t\t<\/rs-module>\n\t\t\t\t<script>\n\t\t\t\t\tsetREVStartSize({c: 'rev_slider_4_1',rl:[1240,1240,1240,480],el:[1080,1080,1080,680],gw:[1920,1920,1920,480],gh:[1080,1080,1080,280],type:'standard',justify:'',layout:'fullscreen',offsetContainer:'',offset:'',mh:\"0\"});if (window.RS_MODULES!==undefined && window.RS_MODULES.modules!==undefined && window.RS_MODULES.modules[\"revslider41\"]!==undefined) {window.RS_MODULES.modules[\"revslider41\"].once = false;window.revapi4 = undefined;if (window.RS_MODULES.checkMinimal!==undefined) window.RS_MODULES.checkMinimal()}\n\t\t\t\t<\/script>\n\t\t\t<\/rs-module-wrap>\n\t\t\t<!-- END REVOLUTION SLIDER -->\n<\/div>\n\n\t\t\t\t\t\t<\/div>\n\t\t\t\t<\/div>\n\t\t\t\t\t<\/div>\n\t\t<\/div>\n\t\t\t\t\t<\/div>\n\t\t<\/section>\n\t\t\t\t<section class=\"elementor-section elementor-top-section elementor-element elementor-element-5c81294 elementor-section-stretched elementor-section-boxed elementor-section-height-default elementor-section-height-default\" data-id=\"5c81294\" data-element_type=\"section\" data-settings=\"{&quot;stretch_section&quot;:&quot;section-stretched&quot;,&quot;background_background&quot;:&quot;classic&quot;}\">\n\t\t\t\t\t\t<div class=\"elementor-container elementor-column-gap-default\">\n\t\t\t\t\t<div class=\"elementor-column elementor-col-100 elementor-top-column elementor-element elementor-element-d939043\" data-id=\"d939043\" data-element_type=\"column\">\n\t\t\t<div class=\"elementor-widget-wrap elementor-element-populated\">\n\t\t\t\t\t\t<div class=\"elementor-element elementor-element-2e960b6 premium-title-color elementor-widget elementor-widget-premium-addon-title\" data-id=\"2e960b6\" data-element_type=\"widget\" data-widget_type=\"premium-addon-title.default\">\n\t\t\t\t<div class=\"elementor-widget-container\">\n\t\t\t\t\t\r\n\t\t<div class=\"premium-title-container style2\">\r\n\t\t\t<h2 class=\"premium-title-header premium-title-style2\">\r\n\t\t\t\t\r\n\t\t\t\t\r\n\t\t\t\t\t\t\t\t\t\t\t\t<span class=\"premium-title-text\">\r\n\t\t\t\t\tCURRENT\t\t\t\t<\/span>\r\n\t\t\t\t\t\r\n\t\t\t\t\t\t\t\t\r\n\t\t\t\t\t\t\t<\/h2>\r\n\r\n\t\t<\/div>\r\n\r\n\t\t\t\t\t\t<\/div>\n\t\t\t\t<\/div>\n\t\t\t\t<div class=\"elementor-element elementor-element-b200160 elementor-widget elementor-widget-ucaddon_uc_card_post_carousel\" data-id=\"b200160\" data-element_type=\"widget\" id=\"guncelhaberlerkayar\" data-widget_type=\"ucaddon_uc_card_post_carousel.default\">\n\t\t\t\t<div class=\"elementor-widget-container\">\n\t\t\t\t\t\n<!-- start Post Carousel Lite -->\n\t\t<link id='font-awesome-css' href='https:\/\/maksimumgumruk.com.tr\/wp-content\/plugins\/unlimited-elements-for-elementor\/assets_libraries\/font-awesome6\/fontawesome-all.min.css' type='text\/css' rel='stylesheet' >\n\t\t<link id='font-awesome-4-shim-css' href='https:\/\/maksimumgumruk.com.tr\/wp-content\/plugins\/unlimited-elements-for-elementor\/assets_libraries\/font-awesome6\/fontawesome-v4-shims.min.css' type='text\/css' rel='stylesheet' >\n\t\t<link id='owl-carousel-css' href='https:\/\/maksimumgumruk.com.tr\/wp-content\/plugins\/unlimited-elements-for-elementor\/assets_libraries\/owl-carousel-new\/assets\/owl.carousel.css' type='text\/css' rel='stylesheet' >\n\n<style>\/* widget: Post Carousel Lite *\/\n\n#uc_uc_card_post_carousel_elementor_b200160 *{\n  box-sizing:border-box;\n}\n#uc_uc_card_post_carousel_elementor_b200160{\n  position:relative;\n  min-height:1px;\n}\n#uc_uc_card_post_carousel_elementor_b200160 .uc_image_carousel_content{\n\ttext-align:center;\n    display: flex;\n     flex-flow: column nowrap;\n}\n#uc_uc_card_post_carousel_elementor_b200160 .ue_post_carousel_item\n{\n  overflow:hidden;\n  \n}\n\n#uc_uc_card_post_carousel_elementor_b200160 .ue_post_btn_holder\n{\n  margin-top:auto;\n}\n\n#uc_uc_card_post_carousel_elementor_b200160 .uc_more_btn{\n\n  display:inline-block;\n  text-align:center;\n  text-decoration:none;\n} \n\n.uc_overlay_image_carousel .uc_more_btn{\n  text-decoration:none;\n  display:inline-block;\n}\n\n.uc_overlay_image_carousel .uc_post_title{\n  font-size:21px;\n  text-decoration:none;\n}\n\n#uc_uc_card_post_carousel_elementor_b200160 .owl-nav .owl-prev{\n    position:absolute;\n    display:inline-block;\n    text-align:center;\n}\n#uc_uc_card_post_carousel_elementor_b200160 .owl-nav .owl-next{\n  position:absolute;\n  display:inline-block;\n  text-align:center;\n}\n\n\n#uc_uc_card_post_carousel_elementor_b200160 .owl-dots {\noverflow:hidden;\ndisplay:true !important;\ntext-align:center;\n}\n\n#uc_uc_card_post_carousel_elementor_b200160 .owl-dot {\nborder-radius:50%;\ndisplay:inline-block;\n}\n\n<\/style>\n\n<div class=\"uc_overlay_image_carousel\" id=\"uc_uc_card_post_carousel_elementor_b200160\" data-custom-sethtml=\"true\" >\n   <div class=\"uc_carousel owl-carousel owl-theme uc-items-wrapper\">\n   \t\t<div class=\"uc_image_carousel_container_holder ue_post_carousel_item ue-G\u00fcncel Mevzuat\">\n  <div class=\"uc_image_carousel_placeholder\">\n    <a href=\"https:\/\/maksimumgumruk.com.tr\/en\/the-application-period-for-the-construction-law-no-7440-has-been-extended\/\"><div style=\"background-image:url(https:\/\/maksimumgumruk.com.tr\/wp-content\/uploads\/2023\/03\/YAPILANDIRMA-768x431.jpg); background-size:cover; background-position:center; height:300px;\"><\/div><\/a>\n  <\/div>\n\n  <div class=\"uc_image_carousel_content\" >\n            <a href=\"https:\/\/maksimumgumruk.com.tr\/en\/the-application-period-for-the-construction-law-no-7440-has-been-extended\/\" style=\"text-decoration:none;\"><div class=\"uc_post_title\" style=\"text-decoration:none;\">The Application Period for the Construction Law No. 7440 has been extended.<\/div><\/a>          <\/div>\n<\/div>\n<div class=\"uc_image_carousel_container_holder ue_post_carousel_item ue-G\u00fcncel Mevzuat\">\n  <div class=\"uc_image_carousel_placeholder\">\n    <a href=\"https:\/\/maksimumgumruk.com.tr\/en\/communique-amending-the-communique-on-registered-goods-for-export-communique-no-export-2006-7-export-2023-7\/\"><div style=\"background-image:url(https:\/\/maksimumgumruk.com.tr\/wp-content\/uploads\/2023\/05\/tavuk.jpg); background-size:cover; background-position:center; height:300px;\"><\/div><\/a>\n  <\/div>\n\n  <div class=\"uc_image_carousel_content\" >\n            <a href=\"https:\/\/maksimumgumruk.com.tr\/en\/communique-amending-the-communique-on-registered-goods-for-export-communique-no-export-2006-7-export-2023-7\/\" style=\"text-decoration:none;\"><div class=\"uc_post_title\" style=\"text-decoration:none;\">Communiqu\u00e9 Amending the Communiqu\u00e9 on Registered Goods for Export (Communiqu\u00e9 No: Export 2006\/7) (Export: 2023\/7)<\/div><\/a>          <\/div>\n<\/div>\n<div class=\"uc_image_carousel_container_holder ue_post_carousel_item ue-G\u00fcncel Mevzuat\">\n  <div class=\"uc_image_carousel_placeholder\">\n    <a href=\"https:\/\/maksimumgumruk.com.tr\/en\/amendment-to-article-216-of-the-customs-law-no-4458\/\"><div style=\"background-image:url(https:\/\/maksimumgumruk.com.tr\/wp-content\/uploads\/2023\/03\/Resmi-Gazete-768x341.jpg); background-size:cover; background-position:center; height:300px;\"><\/div><\/a>\n  <\/div>\n\n  <div class=\"uc_image_carousel_content\" >\n            <a href=\"https:\/\/maksimumgumruk.com.tr\/en\/amendment-to-article-216-of-the-customs-law-no-4458\/\" style=\"text-decoration:none;\"><div class=\"uc_post_title\" style=\"text-decoration:none;\">Amendment to Article 216 of the Customs Law No. 4458.<\/div><\/a>          <\/div>\n<\/div>\n\n   <\/div>\t\n<\/div>\n<!-- end Post Carousel Lite -->\t\t\t\t<\/div>\n\t\t\t\t<\/div>\n\t\t\t\t<div class=\"elementor-element elementor-element-0c0f4d1 elementor-button-danger elementor-align-center elementor-widget__width-inherit elementor-widget elementor-widget-button\" data-id=\"0c0f4d1\" data-element_type=\"widget\" data-widget_type=\"button.default\">\n\t\t\t\t<div class=\"elementor-widget-container\">\n\t\t\t\t\t\t\t\t\t<div class=\"elementor-button-wrapper\">\n\t\t\t\t\t<a class=\"elementor-button elementor-button-link elementor-size-sm\" href=\"https:\/\/maksimumgumruk.com.tr\/en\/latest-news\/\">\n\t\t\t\t\t\t<span class=\"elementor-button-content-wrapper\">\n\t\t\t\t\t\t\t\t\t<span class=\"elementor-button-text\">All Current<\/span>\n\t\t\t\t\t<\/span>\n\t\t\t\t\t<\/a>\n\t\t\t\t<\/div>\n\t\t\t\t\t\t\t\t<\/div>\n\t\t\t\t<\/div>\n\t\t\t\t\t<\/div>\n\t\t<\/div>\n\t\t\t\t\t<\/div>\n\t\t<\/section>\n\t\t\t\t<section class=\"elementor-section elementor-top-section elementor-element elementor-element-e78d981 elementor-section-stretched elementor-section-boxed elementor-section-height-default elementor-section-height-default\" data-id=\"e78d981\" data-element_type=\"section\" data-settings=\"{&quot;stretch_section&quot;:&quot;section-stretched&quot;}\">\n\t\t\t\t\t\t<div class=\"elementor-container elementor-column-gap-default\">\n\t\t\t\t\t<div class=\"elementor-column elementor-col-100 elementor-top-column elementor-element elementor-element-9c724ad\" data-id=\"9c724ad\" data-element_type=\"column\">\n\t\t\t<div class=\"elementor-widget-wrap elementor-element-populated\">\n\t\t\t\t\t\t<div class=\"elementor-element elementor-element-bee0aa7 premium-title-color elementor-widget elementor-widget-premium-addon-title\" data-id=\"bee0aa7\" data-element_type=\"widget\" data-widget_type=\"premium-addon-title.default\">\n\t\t\t\t<div class=\"elementor-widget-container\">\n\t\t\t\t\t\r\n\t\t<div class=\"premium-title-container style2\">\r\n\t\t\t<h2 class=\"premium-title-header premium-title-style2\">\r\n\t\t\t\t\r\n\t\t\t\t\r\n\t\t\t\t\t\t\t\t\t\t\t\t<span class=\"premium-title-text\">\r\n\t\t\t\t\tBe Aware of Current Announcements\t\t\t\t<\/span>\r\n\t\t\t\t\t\r\n\t\t\t\t\t\t\t\t\r\n\t\t\t\t\t\t\t<\/h2>\r\n\r\n\t\t<\/div>\r\n\r\n\t\t\t\t\t\t<\/div>\n\t\t\t\t<\/div>\n\t\t\t\t<div class=\"elementor-element elementor-element-928519c elementor-widget elementor-widget-shortcode\" data-id=\"928519c\" data-element_type=\"widget\" data-widget_type=\"shortcode.default\">\n\t\t\t\t<div class=\"elementor-widget-container\">\n\t\t\t\t\t\t\t<div class=\"elementor-shortcode\"><script>(function() {\n\twindow.mc4wp = window.mc4wp || {\n\t\tlisteners: [],\n\t\tforms: {\n\t\t\ton: function(evt, cb) {\n\t\t\t\twindow.mc4wp.listeners.push(\n\t\t\t\t\t{\n\t\t\t\t\t\tevent   : evt,\n\t\t\t\t\t\tcallback: cb\n\t\t\t\t\t}\n\t\t\t\t);\n\t\t\t}\n\t\t}\n\t}\n})();\n<\/script><!-- Mailchimp for WordPress v4.11.1 - https:\/\/wordpress.org\/plugins\/mailchimp-for-wp\/ --><form id=\"mc4wp-form-1\" class=\"mc4wp-form mc4wp-form-1594\" method=\"post\" data-id=\"1594\" data-name=\"Uyelik Formu\" ><div class=\"mc4wp-form-fields\"><div class=\"form\">\r\n  <div class=\"form1\">\r\n    <p>\r\n<label><input class=\"mailchimp\" type=\"email\" name=\"EMAIL\" placeholder=\"E-posta adresinizi giriniz\" required \/>\r\n<\/label>\r\n<\/p>\r\n  <\/div>\r\n  <div class=\"form2\">\r\n    <p>\r\n\t<input class=\"gonder-butonu\" type=\"submit\" value=\"Kay\u0131t ol\" \/>\r\n<\/p>\r\n  <\/div>\r\n<\/div>\r\n\r\n<div class=\"kabul\">\r\n<p>\r\n    <label>\r\n        <input name=\"AGREE_TO_TERMS\" type=\"checkbox\" value=\"1\" required=\"\"> <span class=\"kabulyazi\">Ki\u015fisel verilerimin i\u015flenmesine ili\u015fkin taraf\u0131ma sunulan yukar\u0131da yer\r\n        alan \u0130leti\u015fim Formu ile ilgili Ki\u015fisel Verilerin Korunmas\u0131 Kanunu kapsam\u0131nda\r\n        Ayd\u0131nlatma Metni\u2019ni okudum, anlad\u0131m.<\/span><\/label>\r\n<\/p>\r\n<\/div>\r\n\r\n<\/div><label style=\"display: none !important;\">Leave this field empty if you're human: <input type=\"text\" name=\"_mc4wp_honeypot\" value=\"\" tabindex=\"-1\" autocomplete=\"off\" \/><\/label><input type=\"hidden\" name=\"_mc4wp_timestamp\" value=\"1776462561\" \/><input type=\"hidden\" name=\"_mc4wp_form_id\" value=\"1594\" \/><input type=\"hidden\" name=\"_mc4wp_form_element_id\" value=\"mc4wp-form-1\" \/><div class=\"mc4wp-response\"><\/div><\/form><!-- \/ Mailchimp for WordPress Plugin --><\/div>\n\t\t\t\t\t\t<\/div>\n\t\t\t\t<\/div>\n\t\t\t\t\t<\/div>\n\t\t<\/div>\n\t\t\t\t\t<\/div>\n\t\t<\/section>\n\t\t\t\t<\/div>\n\t\t","protected":false},"excerpt":{"rendered":"<p>CURRENT The Application Period for the Construction Law No. 7440 has been extended. Communiqu\u00e9 Amending the Communiqu\u00e9 on Registered Goods for Export (Communiqu\u00e9 No: Export 2006\/7)<span class=\"excerpt-hellip\"> [\u2026]<\/span><\/p>\n","protected":false},"author":1,"featured_media":-1,"parent":0,"menu_order":0,"comment_status":"closed","ping_status":"closed","template":"","meta":{"footnotes":""},"class_list":["post-2958","page","type-page","status-publish","has-post-thumbnail","hentry"],"_links":{"self":[{"href":"https:\/\/maksimumgumruk.com.tr\/en\/wp-json\/wp\/v2\/pages\/2958","targetHints":{"allow":["GET"]}}],"collection":[{"href":"https:\/\/maksimumgumruk.com.tr\/en\/wp-json\/wp\/v2\/pages"}],"about":[{"href":"https:\/\/maksimumgumruk.com.tr\/en\/wp-json\/wp\/v2\/types\/page"}],"author":[{"embeddable":true,"href":"https:\/\/maksimumgumruk.com.tr\/en\/wp-json\/wp\/v2\/users\/1"}],"replies":[{"embeddable":true,"href":"https:\/\/maksimumgumruk.com.tr\/en\/wp-json\/wp\/v2\/comments?post=2958"}],"version-history":[{"count":10,"href":"https:\/\/maksimumgumruk.com.tr\/en\/wp-json\/wp\/v2\/pages\/2958\/revisions"}],"predecessor-version":[{"id":4079,"href":"https:\/\/maksimumgumruk.com.tr\/en\/wp-json\/wp\/v2\/pages\/2958\/revisions\/4079"}],"wp:featuredmedia":[{"embeddable":true,"href":"https:\/\/maksimumgumruk.com.tr\/en\/wp-json\/"}],"wp:attachment":[{"href":"https:\/\/maksimumgumruk.com.tr\/en\/wp-json\/wp\/v2\/media?parent=2958"}],"curies":[{"name":"wp","href":"https:\/\/api.w.org\/{rel}","templated":true}]}}