{"id":3013,"date":"2023-03-24T13:46:50","date_gmt":"2023-03-24T10:46:50","guid":{"rendered":"https:\/\/maksimumgumruk.com.tr\/career\/acik-pozisyonlarimiz\/"},"modified":"2023-05-29T15:14:19","modified_gmt":"2023-05-29T12:14:19","slug":"open-positions","status":"publish","type":"page","link":"https:\/\/maksimumgumruk.com.tr\/en\/career\/open-positions\/","title":{"rendered":"Open Positions"},"content":{"rendered":"\t\t<div data-elementor-type=\"wp-page\" data-elementor-id=\"3013\" class=\"elementor elementor-3013\" data-elementor-post-type=\"page\">\n\t\t\t\t\t\t<section class=\"elementor-section elementor-top-section elementor-element elementor-element-d005a61 elementor-section-boxed elementor-section-height-default elementor-section-height-default\" data-id=\"d005a61\" data-element_type=\"section\">\n\t\t\t\t\t\t<div class=\"elementor-container elementor-column-gap-default\">\n\t\t\t\t\t<div class=\"elementor-column elementor-col-100 elementor-top-column elementor-element elementor-element-1c39ed2\" data-id=\"1c39ed2\" data-element_type=\"column\">\n\t\t\t<div class=\"elementor-widget-wrap elementor-element-populated\">\n\t\t\t\t\t\t<div class=\"elementor-element elementor-element-6300534 elementor-widget elementor-widget-text-editor\" data-id=\"6300534\" data-element_type=\"widget\" data-widget_type=\"text-editor.default\">\n\t\t\t\t<div class=\"elementor-widget-container\">\n\t\t\t\t\t\t\t\t\t<ul><li><strong>\u0130\u00e7 Operasyon\u00a0 Departman\u0131: <\/strong>Yeti\u015ftirilmek \u00fczere, D\u0131\u015f Ticaret , \u0130ktisat, \u0130\u015fletme b\u00f6l\u00fcm\u00fcnden mezun B1 seviye\u00a0 \u0130ngilizce bilen Askerli\u011fini yapm\u0131\u015f\u00a0 Erkek veya Kad\u0131n adaylar. Ba\u015fvuru :<strong><span style=\"color: #020d51;\">\u00a0<a style=\"color: #020d51;\" href=\"mailto:bilgi@maksimumgumruk.com.tr\">bilgi@maksimumgumruk.com.tr<\/a><\/span><\/strong><\/li><li><strong>Muhasebe Departman\u0131\u00a0 :<\/strong> Muhasebe tek d\u00fczen hesap planlar\u0131n\u0131 bilen \u00f6n muhasebe yard\u0131mc\u0131 eleman\u0131 . Ba\u015fvuru :<strong><span style=\"color: #020d51;\">\u00a0<a style=\"color: #020d51;\" href=\"mailto:bilgi@maksimumgumruk.com.tr\">bilgi@maksimumgumruk.com.tr<\/a><\/span><\/strong>\u00a0\u00a0<\/li><\/ul>\t\t\t\t\t\t\t\t<\/div>\n\t\t\t\t<\/div>\n\t\t\t\t<div class=\"elementor-element elementor-element-b9f64a6 elementor-widget elementor-widget-image\" data-id=\"b9f64a6\" data-element_type=\"widget\" data-widget_type=\"image.default\">\n\t\t\t\t<div class=\"elementor-widget-container\">\n\t\t\t\t\t\t\t\t\t\t\t\t\t\t\t<img decoding=\"async\" width=\"444\" height=\"109\" src=\"https:\/\/maksimumgumruk.com.tr\/wp-content\/uploads\/2023\/02\/ik.jpg\" class=\"attachment-full size-full wp-image-1754\" alt=\"\" srcset=\"https:\/\/maksimumgumruk.com.tr\/wp-content\/uploads\/2023\/02\/ik.jpg 444w, https:\/\/maksimumgumruk.com.tr\/wp-content\/uploads\/2023\/02\/ik-300x74.jpg 300w, https:\/\/maksimumgumruk.com.tr\/wp-content\/uploads\/2023\/02\/ik-260x64.jpg 260w, https:\/\/maksimumgumruk.com.tr\/wp-content\/uploads\/2023\/02\/ik-50x12.jpg 50w, https:\/\/maksimumgumruk.com.tr\/wp-content\/uploads\/2023\/02\/ik-150x37.jpg 150w\" sizes=\"(max-width:767px) 444px, 444px\" \/>\t\t\t\t\t\t\t\t\t\t\t\t\t\t\t<\/div>\n\t\t\t\t<\/div>\n\t\t\t\t\t<\/div>\n\t\t<\/div>\n\t\t\t\t\t<\/div>\n\t\t<\/section>\n\t\t\t\t<\/div>\n\t\t","protected":false},"excerpt":{"rendered":"<p>\u0130\u00e7 Operasyon\u00a0 Departman\u0131: Yeti\u015ftirilmek \u00fczere, D\u0131\u015f Ticaret , \u0130ktisat, \u0130\u015fletme b\u00f6l\u00fcm\u00fcnden mezun B1 seviye\u00a0 \u0130ngilizce bilen Askerli\u011fini yapm\u0131\u015f\u00a0 Erkek veya Kad\u0131n adaylar. Ba\u015fvuru :\u00a0bilgi@maksimumgumruk.com.tr Muhasebe Departman\u0131\u00a0<span class=\"excerpt-hellip\"> [\u2026]<\/span><\/p>\n","protected":false},"author":2,"featured_media":0,"parent":3011,"menu_order":0,"comment_status":"closed","ping_status":"closed","template":"","meta":{"footnotes":""},"class_list":["post-3013","page","type-page","status-publish","hentry"],"_links":{"self":[{"href":"https:\/\/maksimumgumruk.com.tr\/en\/wp-json\/wp\/v2\/pages\/3013","targetHints":{"allow":["GET"]}}],"collection":[{"href":"https:\/\/maksimumgumruk.com.tr\/en\/wp-json\/wp\/v2\/pages"}],"about":[{"href":"https:\/\/maksimumgumruk.com.tr\/en\/wp-json\/wp\/v2\/types\/page"}],"author":[{"embeddable":true,"href":"https:\/\/maksimumgumruk.com.tr\/en\/wp-json\/wp\/v2\/users\/2"}],"replies":[{"embeddable":true,"href":"https:\/\/maksimumgumruk.com.tr\/en\/wp-json\/wp\/v2\/comments?post=3013"}],"version-history":[{"count":0,"href":"https:\/\/maksimumgumruk.com.tr\/en\/wp-json\/wp\/v2\/pages\/3013\/revisions"}],"up":[{"embeddable":true,"href":"https:\/\/maksimumgumruk.com.tr\/en\/wp-json\/wp\/v2\/pages\/3011"}],"wp:attachment":[{"href":"https:\/\/maksimumgumruk.com.tr\/en\/wp-json\/wp\/v2\/media?parent=3013"}],"curies":[{"name":"wp","href":"https:\/\/api.w.org\/{rel}","templated":true}]}}