{"id":3024,"date":"2022-07-01T14:11:20","date_gmt":"2022-07-01T11:11:20","guid":{"rendered":"https:\/\/maksimumgumruk.com.tr\/institutional\/ilkelerimiz\/"},"modified":"2023-05-29T15:22:23","modified_gmt":"2023-05-29T12:22:23","slug":"our-principles","status":"publish","type":"page","link":"https:\/\/maksimumgumruk.com.tr\/en\/institutional\/our-principles\/","title":{"rendered":"Our Principles"},"content":{"rendered":"\t\t<div data-elementor-type=\"wp-page\" data-elementor-id=\"3024\" class=\"elementor elementor-3024\" data-elementor-post-type=\"page\">\n\t\t\t\t\t\t<section class=\"elementor-section elementor-top-section elementor-element elementor-element-d005a61 elementor-section-boxed elementor-section-height-default elementor-section-height-default\" data-id=\"d005a61\" data-element_type=\"section\">\n\t\t\t\t\t\t<div class=\"elementor-container elementor-column-gap-default\">\n\t\t\t\t\t<div class=\"elementor-column elementor-col-100 elementor-top-column elementor-element elementor-element-1c39ed2\" data-id=\"1c39ed2\" data-element_type=\"column\">\n\t\t\t<div class=\"elementor-widget-wrap elementor-element-populated\">\n\t\t\t\t\t\t<div class=\"elementor-element elementor-element-6300534 elementor-widget elementor-widget-text-editor\" data-id=\"6300534\" data-element_type=\"widget\" data-widget_type=\"text-editor.default\">\n\t\t\t\t<div class=\"elementor-widget-container\">\n\t\t\t\t\t\t\t\t\t<p>1-Y\u00f6netim \u0130lkeleri:<\/p><p>\u00a0<\/p>\t\t\t\t\t\t\t\t<\/div>\n\t\t\t\t<\/div>\n\t\t\t\t<div class=\"elementor-element elementor-element-dcd6fa5 elementor-widget elementor-widget-text-editor\" data-id=\"dcd6fa5\" data-element_type=\"widget\" data-widget_type=\"text-editor.default\">\n\t\t\t\t<div class=\"elementor-widget-container\">\n\t\t\t\t\t\t\t\t\t<p>Maksimum;<\/p>\t\t\t\t\t\t\t\t<\/div>\n\t\t\t\t<\/div>\n\t\t\t\t<div class=\"elementor-element elementor-element-14b99e9 elementor-widget elementor-widget-text-editor\" data-id=\"14b99e9\" data-element_type=\"widget\" data-widget_type=\"text-editor.default\">\n\t\t\t\t<div class=\"elementor-widget-container\">\n\t\t\t\t\t\t\t\t\t<ul><li>Kanunlarla koyulmu\u015f t\u00fcm kural ve m\u00fckellefiyetlerinin tamam\u0131na uyar.<\/li><li>Ahlaki kurallara uyar.<\/li><li>Modern teknolojiyi t\u00fcm i\u015flerinde sonuna kadar kullan\u0131r.<\/li><li>\u0130\u015flerini yaparken tasarrufu unutmaz. Personelini d\u00fcr\u00fcst ve uyumlu ki\u015filerden se\u00e7erek, onlara \u00e7al\u0131\u015fkan, bilgili ve ara\u015ft\u0131r\u0131c\u0131 olmay\u0131 te\u015fvik eden e\u011fitimi verir.<\/li><li>Kendisini devaml\u0131 yenileyerek D\u00fcnya ve T\u00fcrkiye\u2019 deki geli\u015fmeleri yak\u0131ndan takip eder.<\/li><li>Mant\u0131k y\u00fcr\u00fctmez, muhakeme eder.<\/li><\/ul>\t\t\t\t\t\t\t\t<\/div>\n\t\t\t\t<\/div>\n\t\t\t\t<div class=\"elementor-element elementor-element-b4964c7 elementor-widget elementor-widget-text-editor\" data-id=\"b4964c7\" data-element_type=\"widget\" data-widget_type=\"text-editor.default\">\n\t\t\t\t<div class=\"elementor-widget-container\">\n\t\t\t\t\t\t\t\t\t<p>2-Hizmet \u0130lkeleri:<\/p><p>\u00a0<\/p>\t\t\t\t\t\t\t\t<\/div>\n\t\t\t\t<\/div>\n\t\t\t\t<div class=\"elementor-element elementor-element-d72ccea elementor-widget elementor-widget-text-editor\" data-id=\"d72ccea\" data-element_type=\"widget\" data-widget_type=\"text-editor.default\">\n\t\t\t\t<div class=\"elementor-widget-container\">\n\t\t\t\t\t\t\t\t\t<p>Maksimum;<\/p>\t\t\t\t\t\t\t\t<\/div>\n\t\t\t\t<\/div>\n\t\t\t\t<div class=\"elementor-element elementor-element-afe8839 elementor-widget elementor-widget-text-editor\" data-id=\"afe8839\" data-element_type=\"widget\" data-widget_type=\"text-editor.default\">\n\t\t\t\t<div class=\"elementor-widget-container\">\n\t\t\t\t\t\t\t\t\t<ul><li>M\u00fc\u015fterisinin ilkelerini \u00f6n planda tutarak sayg\u0131 g\u00f6sterir.<\/li><li>Verdi\u011fi hizmetin sorumlulu\u011funu bilir, sonuna kadar arkas\u0131nda olur.<\/li><li>Hizmet verdi\u011fi firmalar\u0131n t\u00fcm bilgilerini sakl\u0131 tutar.<\/li><li>M\u00fc\u015fterisinin i\u015flerini h\u0131zl\u0131 yapmak u\u011fruna hatalara sebebiyet vermektense, zaman\u0131 en iyi \u015fekilde kullanarak, sonradan sorun yaratmayacak \u015fekilde i\u015fini hatas\u0131z sonu\u00e7land\u0131r\u0131r.<\/li><li>M\u00fc\u015fterisinin i\u015fiyle ilgili t\u00fcm mevzuat de\u011fi\u015fikliklerini takip ederek, an\u0131nda bilgilendirir.<\/li><li>Hizmet kalitesinden \u00f6d\u00fcn vermeyerek, minimum hata garantisi ve g\u00fcvenini olu\u015fturur.<\/li><li>M\u00fc\u015fterisinin t\u00fcm i\u015flerinde bilgi ve tecr\u00fcbesini kullanarak, her i\u015fin maliyetini d\u00fc\u015f\u00fcr\u00fcc\u00fc \u00f6nlem al\u0131p, ald\u0131\u011f\u0131 m\u00fc\u015favirlik hizmet bedelini amorti edecek \u015fekilde \u00e7al\u0131\u015f\u0131r.<\/li><\/ul>\t\t\t\t\t\t\t\t<\/div>\n\t\t\t\t<\/div>\n\t\t\t\t\t<\/div>\n\t\t<\/div>\n\t\t\t\t\t<\/div>\n\t\t<\/section>\n\t\t\t\t<\/div>\n\t\t","protected":false},"excerpt":{"rendered":"<p>1-Y\u00f6netim \u0130lkeleri: Maksimum; Kanunlarla koyulmu\u015f t\u00fcm kural ve m\u00fckellefiyetlerinin tamam\u0131na uyar. Ahlaki kurallara uyar. Modern teknolojiyi t\u00fcm i\u015flerinde sonuna kadar kullan\u0131r. \u0130\u015flerini yaparken tasarrufu unutmaz. Personelini<span class=\"excerpt-hellip\"> [\u2026]<\/span><\/p>\n","protected":false},"author":1,"featured_media":0,"parent":3018,"menu_order":0,"comment_status":"closed","ping_status":"closed","template":"","meta":{"footnotes":""},"class_list":["post-3024","page","type-page","status-publish","hentry"],"_links":{"self":[{"href":"https:\/\/maksimumgumruk.com.tr\/en\/wp-json\/wp\/v2\/pages\/3024","targetHints":{"allow":["GET"]}}],"collection":[{"href":"https:\/\/maksimumgumruk.com.tr\/en\/wp-json\/wp\/v2\/pages"}],"about":[{"href":"https:\/\/maksimumgumruk.com.tr\/en\/wp-json\/wp\/v2\/types\/page"}],"author":[{"embeddable":true,"href":"https:\/\/maksimumgumruk.com.tr\/en\/wp-json\/wp\/v2\/users\/1"}],"replies":[{"embeddable":true,"href":"https:\/\/maksimumgumruk.com.tr\/en\/wp-json\/wp\/v2\/comments?post=3024"}],"version-history":[{"count":0,"href":"https:\/\/maksimumgumruk.com.tr\/en\/wp-json\/wp\/v2\/pages\/3024\/revisions"}],"up":[{"embeddable":true,"href":"https:\/\/maksimumgumruk.com.tr\/en\/wp-json\/wp\/v2\/pages\/3018"}],"wp:attachment":[{"href":"https:\/\/maksimumgumruk.com.tr\/en\/wp-json\/wp\/v2\/media?parent=3024"}],"curies":[{"name":"wp","href":"https:\/\/api.w.org\/{rel}","templated":true}]}}