{"id":3028,"date":"2022-09-06T01:43:51","date_gmt":"2022-09-05T22:43:51","guid":{"rendered":"https:\/\/maksimumgumruk.com.tr\/institutional-1\/organizasyon\/"},"modified":"2023-06-01T10:45:53","modified_gmt":"2023-06-01T07:45:53","slug":"organization","status":"publish","type":"page","link":"https:\/\/maksimumgumruk.com.tr\/en\/institutional\/organization\/","title":{"rendered":"Organization"},"content":{"rendered":"\t\t<div data-elementor-type=\"wp-page\" data-elementor-id=\"3028\" class=\"elementor elementor-3028\" data-elementor-post-type=\"page\">\n\t\t\t\t\t\t<section class=\"elementor-section elementor-top-section elementor-element elementor-element-d005a61 elementor-section-boxed elementor-section-height-default elementor-section-height-default\" data-id=\"d005a61\" data-element_type=\"section\">\n\t\t\t\t\t\t<div class=\"elementor-container elementor-column-gap-default\">\n\t\t\t\t\t<div class=\"elementor-column elementor-col-100 elementor-top-column elementor-element elementor-element-1c39ed2\" data-id=\"1c39ed2\" data-element_type=\"column\">\n\t\t\t<div class=\"elementor-widget-wrap elementor-element-populated\">\n\t\t\t\t\t\t<div class=\"elementor-element elementor-element-6300534 elementor-widget elementor-widget-text-editor\" data-id=\"6300534\" data-element_type=\"widget\" data-widget_type=\"text-editor.default\">\n\t\t\t\t<div class=\"elementor-widget-container\">\n\t\t\t\t\t\t\t\t\t<p>Customs administrations execute operations at the intersection of many legislations, such as foreign trade, exchange, taxes, international trade agreements, transportation regulations, standardization regulations, value agreements, incentive and foreign capital legislation, and customs legislation, where transactions are completed. In import and export transactions, it is necessary to interpret the aforementioned regulations correctly and deliver the goods quickly to the buyer starting from the order of the goods. The error-free completion of these transactions and directing the application requires the use of information, experience, and technology in all operations.<\/p><p>Efficiency in customs clearance services is increased in this way. Maksimum, which is aware that this increase in efficiency depends on qualified personnel and proper organization, has built its system on this consciousness.<\/p><p><strong>Internal Operations:<\/strong><br \/>Customs service passes through the stages of taking the documents and customs-related work order of the goods that have reached customs, checking the compatibility of the documents with each other, examining them in terms of GTIP and regime, writing the declaration, registering it in customs, having it inspected, fulfilling the financial obligations, taking it out of the warehouse, and providing the customer with the delivery to the desired district.<\/p><p>Mutual communication and teamwork understanding among the internal and external operation instruments that will follow and finalize this process are of great importance. With this awareness, the most dynamic feature of our company, which has built its system, is that all kinds of data required for the completion of the transactions before the goods arrive at the customs area are prepared by the internal operation units. Thus, fast and secure customs clearance within the legislation cluster becomes possible.<\/p><p>Maksimum solves customs transactions before the goods arrive at the customs area,<br \/>only pressing a button remains after the goods arrive.<\/p><ul><li>Legislation and GTIP Unit<\/li><li>Customs Operations Unit<\/li><li>Planning Unit<\/li><li>Legal Unit<\/li><li>Quality and Training Services Unit<\/li><li>Audit Unit<\/li><li>Information Security and Archive Unit<\/li><li>Financial Affairs Unit<\/li><li>External Operations<\/li><\/ul><p>We carry out a significant part of our External Operations organization with our mobile<br \/>offices at Halkal\u0131, Atat\u00fcrk Airport, and Ambarl\u0131 Customs Directorates on the European side of<br \/>Istanbul, and at Erenk\u00f6y, Haydarpa\u015fa, and Gebze Customs Directorates on the Anatolian side.<\/p><p>Our mobile offices are connected to the Headquarters Office via interactive connection, and<br \/>instant and accurate information can be provided for our customers&#8217; transactions. In addition,<br \/>we actively serve in Kocaeli, Bursa, Izmir, and Ankara provinces in line with our customers&#8217;<br \/>requests.<\/p><p>Our company, which has formed separate units for human and animal health and<br \/>standardization controls that are of great importance in foreign trade transactions, can provide<br \/>services in Ankara and Istanbul for the documents to be obtained from the relevant ministries,<br \/>and supports all external operations with a fast courier network.<\/p><ul><li>Mobile Office Units<\/li><li>TSE-CE Tracking Unit<\/li><li>Product Safety Inspection (TAREKS) Tracking Unit<\/li><li>Ministry of Agriculture Tracking Unit<\/li><li>Certification Unit (Ankara &#8211; Istanbul)<\/li><li>Courier Unit<\/li><\/ul><p>As a company operating in the service sector, we understand the importance of<br \/>maximizing and maintaining customer satisfaction. Therefore, we are always by our customers&#8217;<br \/>side with our experienced Customer Representatives who have full knowledge of every new<br \/>regulatory change<\/p>\t\t\t\t\t\t\t\t<\/div>\n\t\t\t\t<\/div>\n\t\t\t\t\t<\/div>\n\t\t<\/div>\n\t\t\t\t\t<\/div>\n\t\t<\/section>\n\t\t\t\t<\/div>\n\t\t","protected":false},"excerpt":{"rendered":"<p>Customs administrations execute operations at the intersection of many legislations, such as foreign trade, exchange, taxes, international trade agreements, transportation regulations, standardization regulations, value agreements, incentive<span class=\"excerpt-hellip\"> [\u2026]<\/span><\/p>\n","protected":false},"author":1,"featured_media":0,"parent":3018,"menu_order":0,"comment_status":"closed","ping_status":"closed","template":"","meta":{"footnotes":""},"class_list":["post-3028","page","type-page","status-publish","hentry"],"_links":{"self":[{"href":"https:\/\/maksimumgumruk.com.tr\/en\/wp-json\/wp\/v2\/pages\/3028","targetHints":{"allow":["GET"]}}],"collection":[{"href":"https:\/\/maksimumgumruk.com.tr\/en\/wp-json\/wp\/v2\/pages"}],"about":[{"href":"https:\/\/maksimumgumruk.com.tr\/en\/wp-json\/wp\/v2\/types\/page"}],"author":[{"embeddable":true,"href":"https:\/\/maksimumgumruk.com.tr\/en\/wp-json\/wp\/v2\/users\/1"}],"replies":[{"embeddable":true,"href":"https:\/\/maksimumgumruk.com.tr\/en\/wp-json\/wp\/v2\/comments?post=3028"}],"version-history":[{"count":0,"href":"https:\/\/maksimumgumruk.com.tr\/en\/wp-json\/wp\/v2\/pages\/3028\/revisions"}],"up":[{"embeddable":true,"href":"https:\/\/maksimumgumruk.com.tr\/en\/wp-json\/wp\/v2\/pages\/3018"}],"wp:attachment":[{"href":"https:\/\/maksimumgumruk.com.tr\/en\/wp-json\/wp\/v2\/media?parent=3028"}],"curies":[{"name":"wp","href":"https:\/\/api.w.org\/{rel}","templated":true}]}}