{"id":3035,"date":"2023-03-13T01:54:04","date_gmt":"2023-03-12T22:54:04","guid":{"rendered":"https:\/\/maksimumgumruk.com.tr\/son-haberler\/"},"modified":"2023-05-31T11:19:28","modified_gmt":"2023-05-31T08:19:28","slug":"latest-news","status":"publish","type":"page","link":"https:\/\/maksimumgumruk.com.tr\/en\/latest-news\/","title":{"rendered":"Latest news"},"content":{"rendered":"\t\t<div data-elementor-type=\"wp-page\" data-elementor-id=\"3035\" class=\"elementor elementor-3035\" data-elementor-post-type=\"page\">\n\t\t\t\t\t\t<section class=\"elementor-section elementor-top-section elementor-element elementor-element-c5cc1d9 elementor-section-stretched elementor-section-boxed elementor-section-height-default elementor-section-height-default\" data-id=\"c5cc1d9\" data-element_type=\"section\" data-settings=\"{&quot;stretch_section&quot;:&quot;section-stretched&quot;}\">\n\t\t\t\t\t\t<div class=\"elementor-container elementor-column-gap-default\">\n\t\t\t\t\t<div class=\"elementor-column elementor-col-50 elementor-top-column elementor-element elementor-element-c96a09c\" data-id=\"c96a09c\" data-element_type=\"column\">\n\t\t\t<div class=\"elementor-widget-wrap elementor-element-populated\">\n\t\t\t\t\t\t<div class=\"elementor-element elementor-element-79c0695 elementor-grid-eael-col-3 son-haberler elementor-grid-tablet-eael-col-2 elementor-grid-mobile-eael-col-1 elementor-widget elementor-widget-eael-post-grid\" data-id=\"79c0695\" data-element_type=\"widget\" data-settings=\"{&quot;eael_post_grid_columns&quot;:&quot;eael-col-3&quot;,&quot;eael_post_grid_columns_tablet&quot;:&quot;eael-col-2&quot;,&quot;eael_post_grid_columns_mobile&quot;:&quot;eael-col-1&quot;}\" data-widget_type=\"eael-post-grid.default\">\n\t\t\t\t<div class=\"elementor-widget-container\">\n\t\t\t\t\t<div id=\"eael-post-grid-79c0695\" class=\"eael-post-grid-container\">\n            <div class=\"eael-post-grid eael-post-appender eael-post-appender-79c0695 eael-post-grid-style-two\" data-layout-mode=\"grid\"><article class=\"eael-grid-post  eael-post-grid-column eael-pg-post-3160 category-guncel-mevzuat-en\" data-id=\"3160\">\n    <div class=\"eael-grid-post-holder\">\n        <div class=\"eael-grid-post-holder-inner\"><div class=\"eael-entry-media\"><div class=\"eael-entry-overlay fade-in\"><i class=\"icon icon-Document-Search\" aria-hidden=\"true\"><\/i><a href=\"https:\/\/maksimumgumruk.com.tr\/en\/the-application-period-for-the-construction-law-no-7440-has-been-extended\/\"><\/a><\/div><div class=\"eael-entry-thumbnail eael-image-ratio\">\n                            <img fetchpriority=\"high\" decoding=\"async\" width=\"806\" height=\"452\" src=\"https:\/\/maksimumgumruk.com.tr\/wp-content\/uploads\/2023\/03\/YAPILANDIRMA.jpg\" class=\"attachment-full size-full wp-image-2884\" alt=\"\" srcset=\"https:\/\/maksimumgumruk.com.tr\/wp-content\/uploads\/2023\/03\/YAPILANDIRMA.jpg 806w, https:\/\/maksimumgumruk.com.tr\/wp-content\/uploads\/2023\/03\/YAPILANDIRMA-300x168.jpg 300w, https:\/\/maksimumgumruk.com.tr\/wp-content\/uploads\/2023\/03\/YAPILANDIRMA-768x431.jpg 768w, https:\/\/maksimumgumruk.com.tr\/wp-content\/uploads\/2023\/03\/YAPILANDIRMA-260x146.jpg 260w, https:\/\/maksimumgumruk.com.tr\/wp-content\/uploads\/2023\/03\/YAPILANDIRMA-50x28.jpg 50w, https:\/\/maksimumgumruk.com.tr\/wp-content\/uploads\/2023\/03\/YAPILANDIRMA-134x75.jpg 134w\" sizes=\"(max-width:767px) 480px, (max-width:806px) 100vw, 806px\" \/>\n                            <\/div>\n                    <\/div><div class=\"eael-entry-wrapper\"><header class=\"eael-entry-header\"><h4 class=\"eael-entry-title\"><a class=\"eael-grid-post-link\" href=\"https:\/\/maksimumgumruk.com.tr\/en\/the-application-period-for-the-construction-law-no-7440-has-been-extended\/\" title=\"The Application Period for the Construction Law No. 7440 has been extended.\">The Application Period for the Construction Law No. 7440 has been extended.<\/a><\/h4><\/header><\/div><\/div>\n    <\/div>\n<\/article><article class=\"eael-grid-post  eael-post-grid-column eael-pg-post-3207 category-guncel-mevzuat-en\" data-id=\"3207\">\n    <div class=\"eael-grid-post-holder\">\n        <div class=\"eael-grid-post-holder-inner\"><div class=\"eael-entry-media\"><div class=\"eael-entry-overlay fade-in\"><i class=\"icon icon-Document-Search\" aria-hidden=\"true\"><\/i><a href=\"https:\/\/maksimumgumruk.com.tr\/en\/communique-amending-the-communique-on-registered-goods-for-export-communique-no-export-2006-7-export-2023-7\/\"><\/a><\/div><div class=\"eael-entry-thumbnail eael-image-ratio\">\n                            <img decoding=\"async\" width=\"259\" height=\"194\" src=\"https:\/\/maksimumgumruk.com.tr\/wp-content\/uploads\/2023\/05\/tavuk.jpg\" class=\"attachment-full size-full wp-image-2916\" alt=\"\" srcset=\"https:\/\/maksimumgumruk.com.tr\/wp-content\/uploads\/2023\/05\/tavuk.jpg 259w, https:\/\/maksimumgumruk.com.tr\/wp-content\/uploads\/2023\/05\/tavuk-195x146.jpg 195w, https:\/\/maksimumgumruk.com.tr\/wp-content\/uploads\/2023\/05\/tavuk-50x37.jpg 50w, https:\/\/maksimumgumruk.com.tr\/wp-content\/uploads\/2023\/05\/tavuk-100x75.jpg 100w\" sizes=\"(max-width:767px) 259px, 259px\" \/>\n                            <\/div>\n                    <\/div><div class=\"eael-entry-wrapper\"><header class=\"eael-entry-header\"><h4 class=\"eael-entry-title\"><a class=\"eael-grid-post-link\" href=\"https:\/\/maksimumgumruk.com.tr\/en\/communique-amending-the-communique-on-registered-goods-for-export-communique-no-export-2006-7-export-2023-7\/\" title=\"Communiqu\u00e9 Amending the Communiqu\u00e9 on Registered Goods for Export (Communiqu\u00e9 No: Export 2006\/7) (Export: 2023\/7)\">Communiqu\u00e9 Amending the Communiqu\u00e9 on Registered Goods for Export (Communiqu\u00e9 No: Export 2006\/7) (Export: 2023\/7)<\/a><\/h4><\/header><\/div><\/div>\n    <\/div>\n<\/article><article class=\"eael-grid-post  eael-post-grid-column eael-pg-post-3210 category-guncel-mevzuat-en\" data-id=\"3210\">\n    <div class=\"eael-grid-post-holder\">\n        <div class=\"eael-grid-post-holder-inner\"><div class=\"eael-entry-media\"><div class=\"eael-entry-overlay fade-in\"><i class=\"icon icon-Document-Search\" aria-hidden=\"true\"><\/i><a href=\"https:\/\/maksimumgumruk.com.tr\/en\/amendment-to-article-216-of-the-customs-law-no-4458\/\"><\/a><\/div><div class=\"eael-entry-thumbnail eael-image-ratio\">\n                            <img decoding=\"async\" width=\"900\" height=\"400\" src=\"https:\/\/maksimumgumruk.com.tr\/wp-content\/uploads\/2023\/03\/Resmi-Gazete.jpg\" class=\"attachment-full size-full wp-image-2866\" alt=\"\" srcset=\"https:\/\/maksimumgumruk.com.tr\/wp-content\/uploads\/2023\/03\/Resmi-Gazete.jpg 900w, https:\/\/maksimumgumruk.com.tr\/wp-content\/uploads\/2023\/03\/Resmi-Gazete-300x133.jpg 300w, https:\/\/maksimumgumruk.com.tr\/wp-content\/uploads\/2023\/03\/Resmi-Gazete-768x341.jpg 768w, https:\/\/maksimumgumruk.com.tr\/wp-content\/uploads\/2023\/03\/Resmi-Gazete-260x116.jpg 260w, https:\/\/maksimumgumruk.com.tr\/wp-content\/uploads\/2023\/03\/Resmi-Gazete-50x22.jpg 50w, https:\/\/maksimumgumruk.com.tr\/wp-content\/uploads\/2023\/03\/Resmi-Gazete-150x67.jpg 150w\" sizes=\"(max-width:767px) 480px, (max-width:900px) 100vw, 900px\" \/>\n                            <\/div>\n                    <\/div><div class=\"eael-entry-wrapper\"><header class=\"eael-entry-header\"><h4 class=\"eael-entry-title\"><a class=\"eael-grid-post-link\" href=\"https:\/\/maksimumgumruk.com.tr\/en\/amendment-to-article-216-of-the-customs-law-no-4458\/\" title=\"Amendment to Article 216 of the Customs Law No. 4458.\">Amendment to Article 216 of the Customs Law No. 4458.<\/a><\/h4><\/header><\/div><\/div>\n    <\/div>\n<\/article><\/div>\n            <div class=\"clearfix\"><\/div>\n        <\/div>\t\t\t\t<\/div>\n\t\t\t\t<\/div>\n\t\t\t\t\t<\/div>\n\t\t<\/div>\n\t\t\t\t<div class=\"elementor-column elementor-col-50 elementor-top-column elementor-element elementor-element-6e52b35\" data-id=\"6e52b35\" data-element_type=\"column\">\n\t\t\t<div class=\"elementor-widget-wrap elementor-element-populated\">\n\t\t\t\t\t\t<div class=\"elementor-element elementor-element-b205029 elementor-widget elementor-widget-heading\" data-id=\"b205029\" data-element_type=\"widget\" data-widget_type=\"heading.default\">\n\t\t\t\t<div class=\"elementor-widget-container\">\n\t\t\t\t\t<h2 class=\"elementor-heading-title elementor-size-default\">Haber Arama<\/h2>\t\t\t\t<\/div>\n\t\t\t\t<\/div>\n\t\t\t\t<div class=\"elementor-element elementor-element-ea3bfbc elementor-search-form--skin-minimal elementor-widget elementor-widget-search-form\" data-id=\"ea3bfbc\" data-element_type=\"widget\" data-settings=\"{&quot;skin&quot;:&quot;minimal&quot;}\" data-widget_type=\"search-form.default\">\n\t\t\t\t<div class=\"elementor-widget-container\">\n\t\t\t\t\t\t\t<search role=\"search\">\n\t\t\t<form class=\"elementor-search-form\" action=\"https:\/\/maksimumgumruk.com.tr\/en\/\" method=\"get\">\n\t\t\t\t\t\t\t\t\t\t\t\t<div class=\"elementor-search-form__container\">\n\t\t\t\t\t<label class=\"elementor-screen-only\" for=\"elementor-search-form-ea3bfbc\">Search<\/label>\n\n\t\t\t\t\t\t\t\t\t\t\t<div class=\"elementor-search-form__icon\">\n\t\t\t\t\t\t\t<i aria-hidden=\"true\" class=\"fas fa-search\"><\/i>\t\t\t\t\t\t\t<span class=\"elementor-screen-only\">Search<\/span>\n\t\t\t\t\t\t<\/div>\n\t\t\t\t\t\n\t\t\t\t\t<input id=\"elementor-search-form-ea3bfbc\" placeholder=\"\" class=\"elementor-search-form__input\" type=\"search\" name=\"s\" value=\"\">\n\t\t\t\t\t\n\t\t\t\t\t\n\t\t\t\t\t\t\t\t\t<\/div>\n\t\t\t<\/form>\n\t\t<\/search>\n\t\t\t\t\t\t<\/div>\n\t\t\t\t<\/div>\n\t\t\t\t<div class=\"elementor-element elementor-element-80dc556 elementor-widget elementor-widget-heading\" data-id=\"80dc556\" data-element_type=\"widget\" data-widget_type=\"heading.default\">\n\t\t\t\t<div class=\"elementor-widget-container\">\n\t\t\t\t\t<h2 class=\"elementor-heading-title elementor-size-default\">Son Haberler<\/h2>\t\t\t\t<\/div>\n\t\t\t\t<\/div>\n\t\t\t\t<div class=\"elementor-element elementor-element-b9ab7eb elementor-grid-1 elementor-posts--thumbnail-none sol-menu-son-haberler elementor-grid-tablet-2 elementor-grid-mobile-1 elementor-widget elementor-widget-posts\" data-id=\"b9ab7eb\" data-element_type=\"widget\" data-settings=\"{&quot;classic_columns&quot;:&quot;1&quot;,&quot;classic_row_gap&quot;:{&quot;unit&quot;:&quot;px&quot;,&quot;size&quot;:15,&quot;sizes&quot;:[]},&quot;classic_columns_tablet&quot;:&quot;2&quot;,&quot;classic_columns_mobile&quot;:&quot;1&quot;,&quot;classic_row_gap_tablet&quot;:{&quot;unit&quot;:&quot;px&quot;,&quot;size&quot;:&quot;&quot;,&quot;sizes&quot;:[]},&quot;classic_row_gap_mobile&quot;:{&quot;unit&quot;:&quot;px&quot;,&quot;size&quot;:&quot;&quot;,&quot;sizes&quot;:[]}}\" data-widget_type=\"posts.classic\">\n\t\t\t\t<div class=\"elementor-widget-container\">\n\t\t\t\t\t\t\t<div class=\"elementor-posts-container elementor-posts elementor-posts--skin-classic elementor-grid\" role=\"list\">\n\t\t\t\t<article class=\"elementor-post elementor-grid-item post-3160 post type-post status-publish format-standard has-post-thumbnail hentry category-guncel-mevzuat-en\" role=\"listitem\">\n\t\t\t\t<div class=\"elementor-post__text\">\n\t\t\t\t<h3 class=\"elementor-post__title\">\n\t\t\t<a href=\"https:\/\/maksimumgumruk.com.tr\/en\/the-application-period-for-the-construction-law-no-7440-has-been-extended\/\" >\n\t\t\t\tThe Application Period for the Construction Law No. 7440 has been extended.\t\t\t<\/a>\n\t\t<\/h3>\n\t\t\t\t<\/div>\n\t\t\t\t<\/article>\n\t\t\t\t<article class=\"elementor-post elementor-grid-item post-3207 post type-post status-publish format-standard has-post-thumbnail hentry category-guncel-mevzuat-en\" role=\"listitem\">\n\t\t\t\t<div class=\"elementor-post__text\">\n\t\t\t\t<h3 class=\"elementor-post__title\">\n\t\t\t<a href=\"https:\/\/maksimumgumruk.com.tr\/en\/communique-amending-the-communique-on-registered-goods-for-export-communique-no-export-2006-7-export-2023-7\/\" >\n\t\t\t\tCommuniqu\u00e9 Amending the Communiqu\u00e9 on Registered Goods for Export (Communiqu\u00e9 No: Export 2006\/7) (Export: 2023\/7)\t\t\t<\/a>\n\t\t<\/h3>\n\t\t\t\t<\/div>\n\t\t\t\t<\/article>\n\t\t\t\t<article class=\"elementor-post elementor-grid-item post-3210 post type-post status-publish format-standard has-post-thumbnail hentry category-guncel-mevzuat-en\" role=\"listitem\">\n\t\t\t\t<div class=\"elementor-post__text\">\n\t\t\t\t<h3 class=\"elementor-post__title\">\n\t\t\t<a href=\"https:\/\/maksimumgumruk.com.tr\/en\/amendment-to-article-216-of-the-customs-law-no-4458\/\" >\n\t\t\t\tAmendment to Article 216 of the Customs Law No. 4458.\t\t\t<\/a>\n\t\t<\/h3>\n\t\t\t\t<\/div>\n\t\t\t\t<\/article>\n\t\t\t\t<\/div>\n\t\t\n\t\t\t\t\t\t<\/div>\n\t\t\t\t<\/div>\n\t\t\t\t<div class=\"elementor-element elementor-element-feda306 elementor-widget elementor-widget-eael-creative-button\" data-id=\"feda306\" data-element_type=\"widget\" data-widget_type=\"eael-creative-button.default\">\n\t\t\t\t<div class=\"elementor-widget-container\">\n\t\t\t\t\t        <div class=\"eael-creative-button-wrapper\">\n\n            <a class=\"eael-creative-button eael-creative-button--default\" href=\"https:\/\/maksimumgumruk.com.tr\/son-haberler\/\" data-text=\"\">\n            \t    \n                <div class=\"creative-button-inner\">\n\n                    \n                    <span class=\"cretive-button-text\">T\u00fcm\u00fcn\u00fc G\u00f6r<\/span>\n\n                                    <\/div>\n\t                        <\/a>\n        <\/div>\n        \t\t\t\t<\/div>\n\t\t\t\t<\/div>\n\t\t\t\t\t<\/div>\n\t\t<\/div>\n\t\t\t\t\t<\/div>\n\t\t<\/section>\n\t\t\t\t<\/div>\n\t\t","protected":false},"excerpt":{"rendered":"<p>G\u00fcmr\u00fck Genel Tebli\u011fi ( Uluslararas\u0131 Anla\u015fmalar ) ( Seri No :10 ) 11 Nisan 2023 G\u00fcmr\u00fck Muafiyeti Tebli\u011fi ( Seri No:2 )\u2019 nde De\u011fi\u015fiklik Yap\u0131lmas\u0131na Dair<\/p>\n","protected":false},"author":1,"featured_media":0,"parent":0,"menu_order":0,"comment_status":"closed","ping_status":"closed","template":"","meta":{"footnotes":""},"class_list":["post-3035","page","type-page","status-publish","hentry"],"_links":{"self":[{"href":"https:\/\/maksimumgumruk.com.tr\/en\/wp-json\/wp\/v2\/pages\/3035","targetHints":{"allow":["GET"]}}],"collection":[{"href":"https:\/\/maksimumgumruk.com.tr\/en\/wp-json\/wp\/v2\/pages"}],"about":[{"href":"https:\/\/maksimumgumruk.com.tr\/en\/wp-json\/wp\/v2\/types\/page"}],"author":[{"embeddable":true,"href":"https:\/\/maksimumgumruk.com.tr\/en\/wp-json\/wp\/v2\/users\/1"}],"replies":[{"embeddable":true,"href":"https:\/\/maksimumgumruk.com.tr\/en\/wp-json\/wp\/v2\/comments?post=3035"}],"version-history":[{"count":0,"href":"https:\/\/maksimumgumruk.com.tr\/en\/wp-json\/wp\/v2\/pages\/3035\/revisions"}],"wp:attachment":[{"href":"https:\/\/maksimumgumruk.com.tr\/en\/wp-json\/wp\/v2\/media?parent=3035"}],"curies":[{"name":"wp","href":"https:\/\/api.w.org\/{rel}","templated":true}]}}